{"id":7,"date":"2025-11-06T15:42:19","date_gmt":"2025-11-06T14:42:19","guid":{"rendered":"https:\/\/www.lockersmetalicos.com.ar\/?page_id=7"},"modified":"2025-11-25T15:34:36","modified_gmt":"2025-11-25T14:34:36","slug":"lockers-metalicos","status":"publish","type":"page","link":"https:\/\/www.lockersmetalicos.com.ar\/","title":{"rendered":"Lockers met\u00e1licos"},"content":{"rendered":"<h3>Somos fabricantes de lockers y armarios met\u00e1licos<\/h3>\n<div class=\"su-row\"><div class=\"su-column su-column-size-1-2\"><div class=\"su-column-inner su-u-clearfix su-u-trim\">\n<p>Tenemos una trayectoria en el mercado argentino de m\u00e1s de 25 a\u00f1os; fabricando y entregando una amplia variedad de muebles de metal. Eso nos permite mantener competitivos nuestros precios como as\u00ed tambi\u00e9n nuestra presencia en el rubro y nuestras inmejorables condiciones de entrega.<\/p>\n<\/div><\/div> <div class=\"su-column su-column-size-1-2\"><div class=\"su-column-inner su-u-clearfix su-u-trim\">\n<h4 style=\"text-align: right;\">Cont\u00e1ctenos y charlaremos de negocios!!<br \/>\n<a href=\"https:\/\/wa.me\/5491156031699?text=Estoy%20viendo%20la%20p&amp;aacute;gina%20de%20Lockers-metalicos%20.%20Necesito%20m&amp;aacute;s%20informaci&amp;oacute;n%20\u00bfPuede%20llamarme?\" target=\"_blank\" rel=\"noopener\"><img loading=\"lazy\" decoding=\"async\" class=\"aligncenter wp-image-61 size-medium\" src=\"https:\/\/www.lockersmetalicos.com.ar\/wp-content\/uploads\/llamenos.jpg\" alt=\"\" width=\"300\" height=\"77\" \/><\/a><\/h4>\n<\/div><\/div><\/div>\n<div class=\"su-image-carousel  su-image-carousel-has-spacing su-image-carousel-has-outline su-image-carousel-adaptive su-image-carousel-slides-style-minimal su-image-carousel-controls-style-light su-image-carousel-align-none\" style=\"\" data-flickity-options='{\"groupCells\":true,\"cellSelector\":\".su-image-carousel-item\",\"adaptiveHeight\":true,\"cellAlign\":\"left\",\"prevNextButtons\":true,\"pageDots\":true,\"autoPlay\":5000,\"imagesLoaded\":true,\"contain\":false,\"selectedAttraction\":0.025,\"friction\":0.28}' id=\"su_image_carousel_69e76d4a4a96c\"><div class=\"su-image-carousel-item\"><div class=\"su-image-carousel-item-content\"><img loading=\"lazy\" decoding=\"async\" width=\"960\" height=\"346\" src=\"https:\/\/www.lockersmetalicos.com.ar\/wp-content\/uploads\/slide22.png\" class=\"\" alt=\"\" srcset=\"https:\/\/www.lockersmetalicos.com.ar\/wp-content\/uploads\/slide22.png 960w, https:\/\/www.lockersmetalicos.com.ar\/wp-content\/uploads\/slide22-300x108.png 300w, https:\/\/www.lockersmetalicos.com.ar\/wp-content\/uploads\/slide22-768x277.png 768w\" sizes=\"auto, (max-width: 960px) 100vw, 960px\" \/><\/div><\/div><div class=\"su-image-carousel-item\"><div class=\"su-image-carousel-item-content\"><img loading=\"lazy\" decoding=\"async\" width=\"960\" height=\"339\" src=\"https:\/\/www.lockersmetalicos.com.ar\/wp-content\/uploads\/slide11.png\" class=\"\" alt=\"\" srcset=\"https:\/\/www.lockersmetalicos.com.ar\/wp-content\/uploads\/slide11.png 960w, https:\/\/www.lockersmetalicos.com.ar\/wp-content\/uploads\/slide11-300x106.png 300w, https:\/\/www.lockersmetalicos.com.ar\/wp-content\/uploads\/slide11-768x271.png 768w\" sizes=\"auto, (max-width: 960px) 100vw, 960px\" \/><\/div><\/div><div class=\"su-image-carousel-item\"><div class=\"su-image-carousel-item-content\"><img loading=\"lazy\" decoding=\"async\" width=\"950\" height=\"339\" src=\"https:\/\/www.lockersmetalicos.com.ar\/wp-content\/uploads\/slide33.png\" class=\"\" alt=\"\" srcset=\"https:\/\/www.lockersmetalicos.com.ar\/wp-content\/uploads\/slide33.png 950w, https:\/\/www.lockersmetalicos.com.ar\/wp-content\/uploads\/slide33-300x107.png 300w, https:\/\/www.lockersmetalicos.com.ar\/wp-content\/uploads\/slide33-768x274.png 768w\" sizes=\"auto, (max-width: 950px) 100vw, 950px\" \/><\/div><\/div><\/div><script id=\"su_image_carousel_69e76d4a4a96c_script\">if(window.SUImageCarousel){setTimeout(function() {window.SUImageCarousel.initGallery(document.getElementById(\"su_image_carousel_69e76d4a4a96c\"))}, 0);}var su_image_carousel_69e76d4a4a96c_script=document.getElementById(\"su_image_carousel_69e76d4a4a96c_script\");if(su_image_carousel_69e76d4a4a96c_script){su_image_carousel_69e76d4a4a96c_script.parentNode.removeChild(su_image_carousel_69e76d4a4a96c_script);}<\/script>\n<hr \/>\n<div class=\"su-row\"><div class=\"su-column su-column-size-1-4\"><div class=\"su-column-inner su-u-clearfix su-u-trim\">\n<div class=\"su-box su-box-style-default\" id=\"\" style=\"border-color:#cccccc;border-radius:15px;\"><div class=\"su-box-title\" style=\"background-color:#fff;color:#FFFFFF;border-top-left-radius:13px;border-top-right-radius:13px\">T\u00edtulo de caja<\/div><div class=\"su-box-content su-u-clearfix su-u-trim\" style=\"border-bottom-left-radius:13px;border-bottom-right-radius:13px\">\n<img loading=\"lazy\" decoding=\"async\" class=\"aligncenter wp-image-163 size-full\" src=\"https:\/\/www.lockersmetalicos.com.ar\/wp-content\/uploads\/locker-homepage1.jpg\" alt=\"\" width=\"200\" height=\"400\" \/><\/p>\n<\/div><\/div><\/div><\/div>\n<div class=\"su-column su-column-size-1-4\"><div class=\"su-column-inner su-u-clearfix su-u-trim\">\n<div class=\"su-box su-box-style-glass\" id=\"\" style=\"border-color:#000066;border-radius:15px;\"><div class=\"su-box-title\" style=\"background-color:#050599;color:#FFFFFF;border-top-left-radius:13px;border-top-right-radius:13px\">Seriedad<\/div><div class=\"su-box-content su-u-clearfix su-u-trim\" style=\"border-bottom-left-radius:13px;border-bottom-right-radius:13px\">\n<p><img loading=\"lazy\" decoding=\"async\" class=\"aligncenter wp-image-165 size-full\" src=\"https:\/\/www.lockersmetalicos.com.ar\/wp-content\/uploads\/locker-puertas-largas-puertas-cortas.jpg\" alt=\"Locker met\u00e1lico de puertas largas y cortas\" width=\"200\" height=\"200\" \/><br \/>\nNuestra reputaci\u00f3n y trayectoria en el mercado; nos obliga a\u00a0 tomarnos las cosas muy en serio, nuestros precios no son una broma. <strong>Consultenos !!<\/strong><\/p>\n<p><span style=\"font-size: 16px; font-style: normal; font-weight: 400;\"><\/div><\/div><\/span><\/p>\n<\/div><\/div>\n<div class=\"su-column su-column-size-1-4\"><div class=\"su-column-inner su-u-clearfix su-u-trim\">\n<div class=\"su-box su-box-style-glass\" id=\"\" style=\"border-color:#000066;border-radius:15px;\"><div class=\"su-box-title\" style=\"background-color:#050599;color:#FFFFFF;border-top-left-radius:13px;border-top-right-radius:13px\">Precio<\/div><div class=\"su-box-content su-u-clearfix su-u-trim\" style=\"border-bottom-left-radius:13px;border-bottom-right-radius:13px\">\n<p><img loading=\"lazy\" decoding=\"async\" class=\"aligncenter wp-image-168 size-full\" src=\"https:\/\/www.lockersmetalicos.com.ar\/wp-content\/uploads\/vista-interior-del-locker-200x200-1.jpg\" alt=\"Locker interior\" width=\"200\" height=\"200\" \/><br \/>\nPodemos ofrecer los mejores planes de pago y la forma m\u00e1s eficiente de entrega. Consulte nuestros multiples medios de pago !!<\/p>\n<p><span style=\"font-size: 16px; font-style: normal; font-weight: 400;\"><\/div><\/div><\/span><\/div><\/div>\n<div class=\"su-column su-column-size-1-4\"><div class=\"su-column-inner su-u-clearfix su-u-trim\">\n<div class=\"su-box su-box-style-glass\" id=\"\" style=\"border-color:#000066;border-radius:15px;\"><div class=\"su-box-title\" style=\"background-color:#050599;color:#FFFFFF;border-top-left-radius:13px;border-top-right-radius:13px\">Calidad<\/div><div class=\"su-box-content su-u-clearfix su-u-trim\" style=\"border-bottom-left-radius:13px;border-bottom-right-radius:13px\">\n<p><img loading=\"lazy\" decoding=\"async\" class=\"aligncenter wp-image-197 size-full\" src=\"https:\/\/www.lockersmetalicos.com.ar\/wp-content\/uploads\/armario-puerta-corrediza.jpg\" alt=\"Armario de puertas corredizas\" width=\"195\" height=\"200\" \/><br \/>\nLos materiales con que fabricamos nuestros lockers met\u00e1licos son elementos de primera calidad; puede consultar la\u00a0<a title=\"Descripci\u00f3n t\u00e9cnica de locker met\u00e1lico\" href=\"https:\/\/www.lockersmetalicos.com.ar\/?page_id=210\">descripci\u00f3n t\u00e9cnica<\/a>.<\/p>\n<p><span style=\"font-size: 16px; font-style: normal; font-weight: 400;\"><\/div><\/div><\/span><\/div><\/div>\n<\/div>\n<p>Los lockers met\u00e1licos se entregan con patas de acero inoxidable, conocidas\u2014adem\u00e1s\u2014como patas sanitarias, las que permiten el uso de agua\u2014para la limpieza de los pisos\u2014sin temor a que las mismas se oxiden o sufran corrosi\u00f3n alguna. De esta manera, su inversi\u00f3n se mantiene al resguardo de agentes externos que atacan la estructura.<\/p>\n<hr \/>\n<div class=\"su-row\"><div class=\"su-column su-column-size-1-3\"><div class=\"su-column-inner su-u-clearfix su-u-trim\">\n<div class=\"su-service\"><div class=\"su-service-title\" style=\"padding-left:46px;min-height:32px;line-height:32px\"><i class=\"sui sui-star\" style=\"font-size:32px;color:#333\"><\/i> Medios de pago<\/div><div class=\"su-service-content su-u-clearfix su-u-trim\" style=\"padding-left:46px\"><img loading=\"lazy\" decoding=\"async\" class=\"wp-image-105 size-medium alignleft\" src=\"https:\/\/www.lockersmetalicos.com.ar\/wp-content\/uploads\/medios-pago-300x113.png\" alt=\"medios de pago\" width=\"300\" height=\"113\" \/><\/div><\/div>\n<\/div><\/div>\n<div class=\"su-column su-column-size-1-3\"><div class=\"su-column-inner su-u-clearfix su-u-trim\">\n<div class=\"su-service\"><div class=\"su-service-title\" style=\"padding-left:46px;min-height:32px;line-height:32px\"><i class=\"sui sui-star\" style=\"font-size:32px;color:#333\"><\/i> Atenci\u00f3n<\/div><div class=\"su-service-content su-u-clearfix su-u-trim\" style=\"padding-left:46px\"><\/div><\/div>\n<h4>Lunes a Viernes, de 09:00 a 18:00 hs<\/h4>\n<h3>+54 9 11-5603-1699<\/h3>\n<\/div><\/div>\n<div class=\"su-column su-column-size-1-3\"><div class=\"su-column-inner su-u-clearfix su-u-trim\">\n<div class=\"su-service\"><div class=\"su-service-title\" style=\"padding-left:46px;min-height:32px;line-height:32px\"><i class=\"sui sui-star\" style=\"font-size:32px;color:#333\"><\/i> Cont\u00e1ctenos<\/div><div class=\"su-service-content su-u-clearfix su-u-trim\" style=\"padding-left:46px\"><\/div><\/div>\n<a href=\"https:\/\/wa.me\/5491156031699?text=Estoy%20viendo%20la%20p&amp;aacute;gina%20de%20Lockers-metalicos%20.%20Necesito%20m&amp;aacute;s%20informaci&amp;oacute;n%20\u00bfPuede%20llamarme?\" target=\"_blank\" rel=\"noopener\"><img loading=\"lazy\" decoding=\"async\" class=\"aligncenter wp-image-79 size-medium\" src=\"https:\/\/www.lockersmetalicos.com.ar\/wp-content\/uploads\/llame-ahora-300x73.png\" alt=\"\" width=\"300\" height=\"73\" \/><\/a><\/p>\n<\/div><\/div>\n<\/div>\n","protected":false},"excerpt":{"rendered":"<p>Somos fabricantes de lockers y armarios met\u00e1licos Los lockers met\u00e1licos se entregan con patas de acero inoxidable, conocidas\u2014adem\u00e1s\u2014como patas sanitarias, [&hellip;]<\/p>\n","protected":false},"author":1,"featured_media":0,"parent":0,"menu_order":0,"comment_status":"closed","ping_status":"closed","template":"","meta":{"site-sidebar-layout":"default","site-content-layout":"","ast-site-content-layout":"default","site-content-style":"default","site-sidebar-style":"default","ast-global-header-display":"","ast-banner-title-visibility":"","ast-main-header-display":"","ast-hfb-above-header-display":"","ast-hfb-below-header-display":"","ast-hfb-mobile-header-display":"","site-post-title":"","ast-breadcrumbs-content":"","ast-featured-img":"","footer-sml-layout":"","theme-transparent-header-meta":"default","adv-header-id-meta":"","stick-header-meta":"","header-above-stick-meta":"","header-main-stick-meta":"","header-below-stick-meta":"","astra-migrate-meta-layouts":"set","ast-page-background-enabled":"default","ast-page-background-meta":{"desktop":{"background-color":"var(--ast-global-color-5)","background-image":"","background-repeat":"repeat","background-position":"center center","background-size":"auto","background-attachment":"scroll","background-type":"","background-media":"","overlay-type":"","overlay-color":"","overlay-opacity":"","overlay-gradient":""},"tablet":{"background-color":"","background-image":"","background-repeat":"repeat","background-position":"center center","background-size":"auto","background-attachment":"scroll","background-type":"","background-media":"","overlay-type":"","overlay-color":"","overlay-opacity":"","overlay-gradient":""},"mobile":{"background-color":"","background-image":"","background-repeat":"repeat","background-position":"center center","background-size":"auto","background-attachment":"scroll","background-type":"","background-media":"","overlay-type":"","overlay-color":"","overlay-opacity":"","overlay-gradient":""}},"ast-content-background-meta":{"desktop":{"background-color":"var(--ast-global-color-4)","background-image":"","background-repeat":"repeat","background-position":"center center","background-size":"auto","background-attachment":"scroll","background-type":"","background-media":"","overlay-type":"","overlay-color":"","overlay-opacity":"","overlay-gradient":""},"tablet":{"background-color":"var(--ast-global-color-4)","background-image":"","background-repeat":"repeat","background-position":"center center","background-size":"auto","background-attachment":"scroll","background-type":"","background-media":"","overlay-type":"","overlay-color":"","overlay-opacity":"","overlay-gradient":""},"mobile":{"background-color":"var(--ast-global-color-4)","background-image":"","background-repeat":"repeat","background-position":"center center","background-size":"auto","background-attachment":"scroll","background-type":"","background-media":"","overlay-type":"","overlay-color":"","overlay-opacity":"","overlay-gradient":""}},"_joinchat":[],"footnotes":""},"class_list":["post-7","page","type-page","status-publish","hentry"],"_links":{"self":[{"href":"https:\/\/www.lockersmetalicos.com.ar\/index.php?rest_route=\/wp\/v2\/pages\/7","targetHints":{"allow":["GET"]}}],"collection":[{"href":"https:\/\/www.lockersmetalicos.com.ar\/index.php?rest_route=\/wp\/v2\/pages"}],"about":[{"href":"https:\/\/www.lockersmetalicos.com.ar\/index.php?rest_route=\/wp\/v2\/types\/page"}],"author":[{"embeddable":true,"href":"https:\/\/www.lockersmetalicos.com.ar\/index.php?rest_route=\/wp\/v2\/users\/1"}],"replies":[{"embeddable":true,"href":"https:\/\/www.lockersmetalicos.com.ar\/index.php?rest_route=%2Fwp%2Fv2%2Fcomments&post=7"}],"version-history":[{"count":11,"href":"https:\/\/www.lockersmetalicos.com.ar\/index.php?rest_route=\/wp\/v2\/pages\/7\/revisions"}],"predecessor-version":[{"id":239,"href":"https:\/\/www.lockersmetalicos.com.ar\/index.php?rest_route=\/wp\/v2\/pages\/7\/revisions\/239"}],"wp:attachment":[{"href":"https:\/\/www.lockersmetalicos.com.ar\/index.php?rest_route=%2Fwp%2Fv2%2Fmedia&parent=7"}],"curies":[{"name":"wp","href":"https:\/\/api.w.org\/{rel}","templated":true}]}}