{"id":50,"date":"2025-11-06T19:32:18","date_gmt":"2025-11-06T18:32:18","guid":{"rendered":"https:\/\/www.lockersmetalicos.com.ar\/?page_id=50"},"modified":"2025-11-22T22:32:37","modified_gmt":"2025-11-22T21:32:37","slug":"guardabolsos-descripcion-tecnica","status":"publish","type":"page","link":"https:\/\/www.lockersmetalicos.com.ar\/?page_id=50","title":{"rendered":"Guardabolsos met\u00e1licos"},"content":{"rendered":"<div class=\"su-row\"><div class=\"su-column su-column-size-1-2\"><div class=\"su-column-inner su-u-clearfix su-u-trim\">\n<img loading=\"lazy\" decoding=\"async\" class=\"aligncenter wp-image-180\" src=\"https:\/\/www.lockersmetalicos.com.ar\/wp-content\/uploads\/guardabolsos-varios-300x236.jpg\" alt=\"Guardabolsos para comercios y supermercados\" width=\"400\" height=\"314\" \/><br \/>\n<\/div><\/div>\n<div class=\"su-column su-column-size-1-2\"><div class=\"su-column-inner su-u-clearfix su-u-trim\">\n<span style=\"font-size: 16px; font-style: normal; font-weight: 400;\">De uso muy difundido en comercios, terminales y\u00a0 supermercados, l<\/span>os<strong> guardabolsos met\u00e1licos<\/strong> se diferencian de los <strong>lockers<\/strong> en su capacidad, ya que cada casillero tiene su puerta y candado o cerradura, pero carecen de percheros, estantes, etc.\u00a0 De esta manera se ofrece seguridad ambulatoria con los elementos para guardar.<\/p>\n<p><a href=\"https:\/\/wa.me\/5491156031699?text=Estoy%20viendo%20la%20p&amp;aacute;gina%20de%20Guardabolsos%20.%20Necesito%20m&amp;aacute;s%20informaci&amp;oacute;n%20\u00bfPuede%20llamarme?\" target=\"_blank\" rel=\"noopener\"><img loading=\"lazy\" decoding=\"async\" class=\"aligncenter wp-image-61\" src=\"https:\/\/www.lockersmetalicos.com.ar\/wp-content\/uploads\/llamenos.jpg\" alt=\"\" width=\"400\" height=\"103\" \/>\u00a0\u00a0<\/a><br \/>\n<\/div><\/div><\/div>\n<div class=\"su-row\"><div class=\"su-column su-column-size-1-2\"><div class=\"su-column-inner su-u-clearfix su-u-trim\">\n<h3>Estructura de los guardabolsos<\/h3>\n<p>La l\u00ednea de guardabolsos est\u00e1 fabricada en chapa de acero DD, reforzada y laminada en fr\u00edo en un espesor de 0.70 mm (chapa del 22) con patas sanitarias en 1.25 mm de espesor (chapa del 18). La terminaci\u00f3n entera es previamente fosfatizada y se le aporta un tratamiento anticorrosivo.<\/p>\n<p>Se presentan en 2 versiones a elecci\u00f3n del usuario:<\/p>\n<ul>\n<li>Con cierre para candados<\/li>\n<li>Con cerradura<\/li>\n<\/ul>\n<\/div><\/div>\n<div class=\"su-column su-column-size-1-2\"><div class=\"su-column-inner su-u-clearfix su-u-trim\">\n<div id='gallery-1' class='gallery galleryid-50 gallery-columns-3 gallery-size-thumbnail'><figure class='gallery-item'>\n\t\t\t<div class='gallery-icon portrait'>\n\t\t\t\t<a href=\"https:\/\/www.lockersmetalicos.com.ar\/wp-content\/uploads\/guardabolsos-puertas-angostas-vista-en-perspectiva.jpg\" title=\"\" data-rl_title=\"\" class=\"rl-gallery-link\" data-rl_caption=\"\" data-rel=\"lightbox-gallery-1\" data-rl_><img loading=\"lazy\" decoding=\"async\" width=\"150\" height=\"150\" src=\"https:\/\/www.lockersmetalicos.com.ar\/wp-content\/uploads\/guardabolsos-puertas-angostas-vista-en-perspectiva-150x150.jpg\" class=\"attachment-thumbnail size-thumbnail\" alt=\"\" aria-describedby=\"gallery-1-83\" \/><\/a>\n\t\t\t<\/div>\n\t\t\t\t<figcaption class='wp-caption-text gallery-caption' id='gallery-1-83'>\n\t\t\t\tGuardabolsos de 8 casillas\n\t\t\t\t<\/figcaption><\/figure><figure class='gallery-item'>\n\t\t\t<div class='gallery-icon portrait'>\n\t\t\t\t<a href=\"https:\/\/www.lockersmetalicos.com.ar\/wp-content\/uploads\/guardabolsos-puerta-anchas-vista-frontal.jpg\" title=\"\" data-rl_title=\"\" class=\"rl-gallery-link\" data-rl_caption=\"\" data-rel=\"lightbox-gallery-1\" data-rl_><img loading=\"lazy\" decoding=\"async\" width=\"150\" height=\"150\" src=\"https:\/\/www.lockersmetalicos.com.ar\/wp-content\/uploads\/guardabolsos-puerta-anchas-vista-frontal-150x150.jpg\" class=\"attachment-thumbnail size-thumbnail\" alt=\"\" aria-describedby=\"gallery-1-81\" \/><\/a>\n\t\t\t<\/div>\n\t\t\t\t<figcaption class='wp-caption-text gallery-caption' id='gallery-1-81'>\n\t\t\t\tGuardabolsos de 12 casillas\n\t\t\t\t<\/figcaption><\/figure><figure class='gallery-item'>\n\t\t\t<div class='gallery-icon portrait'>\n\t\t\t\t<a href=\"https:\/\/www.lockersmetalicos.com.ar\/wp-content\/uploads\/guardabolsos-1.jpg\" title=\"\" data-rl_title=\"\" class=\"rl-gallery-link\" data-rl_caption=\"\" data-rel=\"lightbox-gallery-1\" data-rl_><img loading=\"lazy\" decoding=\"async\" width=\"150\" height=\"150\" src=\"https:\/\/www.lockersmetalicos.com.ar\/wp-content\/uploads\/guardabolsos-1-150x150.jpg\" class=\"attachment-thumbnail size-thumbnail\" alt=\"\" aria-describedby=\"gallery-1-80\" \/><\/a>\n\t\t\t<\/div>\n\t\t\t\t<figcaption class='wp-caption-text gallery-caption' id='gallery-1-80'>\n\t\t\t\tInterior de cada casilla\n\t\t\t\t<\/figcaption><\/figure>\n\t\t<\/div>\n\n<\/div><\/div><\/div>\n<h3>Terminaci\u00f3n de los guardabolsos<\/h3>\n<p>Todos los guardabolsos se entregan pintados en base a pinturas al horno<span style=\"font-size: 16px; font-style: normal; font-weight: 400;\">, consulte sobre los colores disponibles<\/span><span style=\"font-size: 16px;\">. <\/span><\/p>\n<p><span style=\"font-size: 16px;\">Este tipo de terminaci\u00f3n se lleva a cabo en cabinas con 180\u00b0C de trabajo y permite entregar los guardabolsos con una excelente presentaci\u00f3n superficial.<\/span><\/p>\n<hr \/>\n<div class=\"su-row\"><div class=\"su-column su-column-size-1-3\"><div class=\"su-column-inner su-u-clearfix su-u-trim\">\n<div class=\"su-service\"><div class=\"su-service-title\" style=\"padding-left:46px;min-height:32px;line-height:32px\"><i class=\"sui sui-star\" style=\"font-size:32px;color:#333\"><\/i> Medios de pago<\/div><div class=\"su-service-content su-u-clearfix su-u-trim\" style=\"padding-left:46px\"><img loading=\"lazy\" decoding=\"async\" class=\"wp-image-105 size-medium alignleft\" src=\"https:\/\/www.lockersmetalicos.com.ar\/wp-content\/uploads\/medios-pago-300x113.png\" alt=\"medios de pago\" width=\"300\" height=\"113\" \/><\/div><\/div>\n<\/div><\/div>\n<div class=\"su-column su-column-size-1-3\"><div class=\"su-column-inner su-u-clearfix su-u-trim\">\n<div class=\"su-service\"><div class=\"su-service-title\" style=\"padding-left:46px;min-height:32px;line-height:32px\"><i class=\"sui sui-star\" style=\"font-size:32px;color:#333\"><\/i> Atenci\u00f3n<\/div><div class=\"su-service-content su-u-clearfix su-u-trim\" style=\"padding-left:46px\"><\/div><\/div>\n<h4>Lunes a Viernes, de 09:00 a 18:00 hs<\/h4>\n<h3>+54 9 11-5603-1699<\/h3>\n<\/div><\/div>\n<div class=\"su-column su-column-size-1-3\"><div class=\"su-column-inner su-u-clearfix su-u-trim\">\n<div class=\"su-service\"><div class=\"su-service-title\" style=\"padding-left:46px;min-height:32px;line-height:32px\"><i class=\"sui sui-star\" style=\"font-size:32px;color:#333\"><\/i> Cont\u00e1ctenos<\/div><div class=\"su-service-content su-u-clearfix su-u-trim\" style=\"padding-left:46px\"><\/div><\/div>\n<a href=\"https:\/\/wa.me\/5491156031699?text=Estoy%20viendo%20la%20p&amp;aacute;gina%20de%20Guardabolsos%20.%20Necesito%20m&amp;aacute;s%20informaci&amp;oacute;n%20\u00bfPuede%20llamarme?\" target=\"_blank\" rel=\"noopener\"><img loading=\"lazy\" decoding=\"async\" class=\"aligncenter wp-image-79 size-medium\" src=\"https:\/\/www.lockersmetalicos.com.ar\/wp-content\/uploads\/llame-ahora-300x73.png\" alt=\"\" width=\"300\" height=\"73\" \/><\/a><\/p>\n<\/div><\/div>\n<\/div>\n","protected":false},"excerpt":{"rendered":"<p>Terminaci\u00f3n de los guardabolsos Todos los guardabolsos se entregan pintados en base a pinturas al horno, consulte sobre los colores [&hellip;]<\/p>\n","protected":false},"author":1,"featured_media":84,"parent":0,"menu_order":0,"comment_status":"closed","ping_status":"closed","template":"","meta":{"site-sidebar-layout":"default","site-content-layout":"","ast-site-content-layout":"default","site-content-style":"default","site-sidebar-style":"default","ast-global-header-display":"","ast-banner-title-visibility":"","ast-main-header-display":"","ast-hfb-above-header-display":"","ast-hfb-below-header-display":"","ast-hfb-mobile-header-display":"","site-post-title":"","ast-breadcrumbs-content":"","ast-featured-img":"","footer-sml-layout":"","theme-transparent-header-meta":"default","adv-header-id-meta":"","stick-header-meta":"","header-above-stick-meta":"","header-main-stick-meta":"","header-below-stick-meta":"","astra-migrate-meta-layouts":"set","ast-page-background-enabled":"default","ast-page-background-meta":{"desktop":{"background-color":"var(--ast-global-color-5)","background-image":"","background-repeat":"repeat","background-position":"center center","background-size":"auto","background-attachment":"scroll","background-type":"","background-media":"","overlay-type":"","overlay-color":"","overlay-opacity":"","overlay-gradient":""},"tablet":{"background-color":"","background-image":"","background-repeat":"repeat","background-position":"center center","background-size":"auto","background-attachment":"scroll","background-type":"","background-media":"","overlay-type":"","overlay-color":"","overlay-opacity":"","overlay-gradient":""},"mobile":{"background-color":"","background-image":"","background-repeat":"repeat","background-position":"center center","background-size":"auto","background-attachment":"scroll","background-type":"","background-media":"","overlay-type":"","overlay-color":"","overlay-opacity":"","overlay-gradient":""}},"ast-content-background-meta":{"desktop":{"background-color":"var(--ast-global-color-4)","background-image":"","background-repeat":"repeat","background-position":"center center","background-size":"auto","background-attachment":"scroll","background-type":"","background-media":"","overlay-type":"","overlay-color":"","overlay-opacity":"","overlay-gradient":""},"tablet":{"background-color":"var(--ast-global-color-4)","background-image":"","background-repeat":"repeat","background-position":"center center","background-size":"auto","background-attachment":"scroll","background-type":"","background-media":"","overlay-type":"","overlay-color":"","overlay-opacity":"","overlay-gradient":""},"mobile":{"background-color":"var(--ast-global-color-4)","background-image":"","background-repeat":"repeat","background-position":"center center","background-size":"auto","background-attachment":"scroll","background-type":"","background-media":"","overlay-type":"","overlay-color":"","overlay-opacity":"","overlay-gradient":""}},"_joinchat":[],"footnotes":""},"class_list":["post-50","page","type-page","status-publish","has-post-thumbnail","hentry"],"_links":{"self":[{"href":"https:\/\/www.lockersmetalicos.com.ar\/index.php?rest_route=\/wp\/v2\/pages\/50","targetHints":{"allow":["GET"]}}],"collection":[{"href":"https:\/\/www.lockersmetalicos.com.ar\/index.php?rest_route=\/wp\/v2\/pages"}],"about":[{"href":"https:\/\/www.lockersmetalicos.com.ar\/index.php?rest_route=\/wp\/v2\/types\/page"}],"author":[{"embeddable":true,"href":"https:\/\/www.lockersmetalicos.com.ar\/index.php?rest_route=\/wp\/v2\/users\/1"}],"replies":[{"embeddable":true,"href":"https:\/\/www.lockersmetalicos.com.ar\/index.php?rest_route=%2Fwp%2Fv2%2Fcomments&post=50"}],"version-history":[{"count":5,"href":"https:\/\/www.lockersmetalicos.com.ar\/index.php?rest_route=\/wp\/v2\/pages\/50\/revisions"}],"predecessor-version":[{"id":209,"href":"https:\/\/www.lockersmetalicos.com.ar\/index.php?rest_route=\/wp\/v2\/pages\/50\/revisions\/209"}],"wp:featuredmedia":[{"embeddable":true,"href":"https:\/\/www.lockersmetalicos.com.ar\/index.php?rest_route=\/wp\/v2\/media\/84"}],"wp:attachment":[{"href":"https:\/\/www.lockersmetalicos.com.ar\/index.php?rest_route=%2Fwp%2Fv2%2Fmedia&parent=50"}],"curies":[{"name":"wp","href":"https:\/\/api.w.org\/{rel}","templated":true}]}}