{"id":210,"date":"2025-11-13T19:18:19","date_gmt":"2025-11-13T18:18:19","guid":{"rendered":"https:\/\/www.lockersmetalicos.com.ar\/?page_id=210"},"modified":"2025-11-22T22:31:27","modified_gmt":"2025-11-22T21:31:27","slug":"descripcion-tecnica-de-lockers","status":"publish","type":"page","link":"https:\/\/www.lockersmetalicos.com.ar\/?page_id=210","title":{"rendered":"Descripci\u00f3n t\u00e9cnica de lockers"},"content":{"rendered":"<div class=\"su-row\"><div class=\"su-column su-column-size-1-2\"><div class=\"su-column-inner su-u-clearfix su-u-trim\">\n<img loading=\"lazy\" decoding=\"async\" class=\"aligncenter wp-image-219 size-full\" src=\"https:\/\/www.lockersmetalicos.com.ar\/wp-content\/uploads\/timthumb-1.jpg\" alt=\"\" width=\"640\" height=\"227\" srcset=\"https:\/\/www.lockersmetalicos.com.ar\/wp-content\/uploads\/timthumb-1.jpg 640w, https:\/\/www.lockersmetalicos.com.ar\/wp-content\/uploads\/timthumb-1-300x106.jpg 300w\" sizes=\"auto, (max-width: 640px) 100vw, 640px\" \/><br \/>\n<\/div><\/div>\n<div class=\"su-column su-column-size-1-2\"><div class=\"su-column-inner su-u-clearfix su-u-trim\">\n<p><a href=\"https:\/\/wa.me\/5491156031699?text=Estoy%20viendo%20la%20p%C3%A1gina%20de%20Lockers%20.%20Necesito%20m%C3%A1s%20informaci%C3%B3n%20%C2%BFPuede%20llamarme?\" target=\"_blank\" rel=\"noopener\"><img loading=\"lazy\" decoding=\"async\" class=\"aligncenter wp-image-86 size-full\" src=\"https:\/\/www.lockersmetalicos.com.ar\/wp-content\/uploads\/llamenos.jpg\" alt=\"\" width=\"468\" height=\"120\" srcset=\"https:\/\/www.lockersmetalicos.com.ar\/wp-content\/uploads\/llamenos.jpg 468w, https:\/\/www.lockersmetalicos.com.ar\/wp-content\/uploads\/llamenos-300x77.jpg 300w\" sizes=\"auto, (max-width: 468px) 100vw, 468px\" \/><\/a><\/p>\n<\/div><\/div>\n<\/div>\n<p><strong>Ofrecemos dos tipos de lockers met\u00e1licos:<\/strong><\/p>\n<ol>\n<li>lockers de puertas cortas<\/li>\n<li>lockers de puertas largas<\/li>\n<\/ol>\n<p>1 &#8211; El locker de puertas cortas es ideal para establecimientos educativos, donde los usuarios s\u00f3lo deban dejar efectos personales, documentaci\u00f3n y un m\u00ednimo de ropa, por ejemplo.<\/p>\n<p>2 &#8211; El locker de puertas largas es el mueble adecuado que satisface la necesidad del usuario en vestuarios fabriles o clubes donde se puede dejar a la guarda: ropa, bolsos, zapatos, etc.<\/p>\n<h3>Medidas de los lockers met\u00e1licos de puertas cortas<\/h3>\n<div class=\"su-table su-table-responsive su-table-alternate\">\n<table>\n<tbody>\n<tr>\n<td><strong>Puertas<\/strong><\/td>\n<td><strong>Alto<\/strong><\/td>\n<td><strong>Profundidad<\/strong><\/td>\n<td><strong>Ancho<\/strong><\/td>\n<\/tr>\n<tr>\n<td>4<\/td>\n<td>1900<\/td>\n<td>500<\/td>\n<td>525<\/td>\n<\/tr>\n<tr>\n<td>6<\/td>\n<td>1900<\/td>\n<td>500<\/td>\n<td>790<\/td>\n<\/tr>\n<tr>\n<td>8<\/td>\n<td>1900<\/td>\n<td>500<\/td>\n<td>1025<\/td>\n<\/tr>\n<tr>\n<td>6<\/td>\n<td>1900<\/td>\n<td>500<\/td>\n<td>1275<\/td>\n<\/tr>\n<tr>\n<td>8<\/td>\n<td>1900<\/td>\n<td>500<\/td>\n<td>1525<\/td>\n<\/tr>\n<\/tbody>\n<\/table>\n<\/div>\n<p>&nbsp;<\/p>\n<h3>Medidas de los lockers met\u00e1licos de puertas largas<\/h3>\n<div class=\"su-table su-table-responsive su-table-alternate\">\n<table>\n<tbody>\n<tr>\n<td><strong>Puertas<\/strong><\/td>\n<td><strong>Alto<\/strong><\/td>\n<td><strong>Profundidad<\/strong><\/td>\n<td><strong>Ancho<\/strong><\/td>\n<\/tr>\n<tr>\n<td>2<\/td>\n<td>1900<\/td>\n<td>500<\/td>\n<td>525<\/td>\n<\/tr>\n<tr>\n<td>3<\/td>\n<td>1900<\/td>\n<td>500<\/td>\n<td>790<\/td>\n<\/tr>\n<tr>\n<td>4<\/td>\n<td>1900<\/td>\n<td>500<\/td>\n<td>1025<\/td>\n<\/tr>\n<tr>\n<td>5<\/td>\n<td>1900<\/td>\n<td>500<\/td>\n<td>1275<\/td>\n<\/tr>\n<tr>\n<td>6<\/td>\n<td>1900<\/td>\n<td>500<\/td>\n<td>1525<\/td>\n<\/tr>\n<\/tbody>\n<\/table>\n<\/div>\n<hr \/>\n<div class=\"su-row\"><div class=\"su-column su-column-size-1-3\"><div class=\"su-column-inner su-u-clearfix su-u-trim\">\n<div class=\"su-service\"><div class=\"su-service-title\" style=\"padding-left:46px;min-height:32px;line-height:32px\"><i class=\"sui sui-star\" style=\"font-size:32px;color:#333\"><\/i> Medios de pago<\/div><div class=\"su-service-content su-u-clearfix su-u-trim\" style=\"padding-left:46px\"><img loading=\"lazy\" decoding=\"async\" class=\"wp-image-105 size-medium alignleft\" src=\"https:\/\/www.lockersmetalicos.com.ar\/wp-content\/uploads\/medios-pago-300x113.png\" alt=\"medios de pago\" width=\"300\" height=\"113\" \/><\/div><\/div>\n<\/div><\/div>\n<div class=\"su-column su-column-size-1-3\"><div class=\"su-column-inner su-u-clearfix su-u-trim\">\n<div class=\"su-service\"><div class=\"su-service-title\" style=\"padding-left:46px;min-height:32px;line-height:32px\"><i class=\"sui sui-star\" style=\"font-size:32px;color:#333\"><\/i> Atenci\u00f3n<\/div><div class=\"su-service-content su-u-clearfix su-u-trim\" style=\"padding-left:46px\"><\/div><\/div>\n<h4>Lunes a Viernes, de 09:00 a 18:00 hs<\/h4>\n<h3>+54 9 11-5603-1699<\/h3>\n<\/div><\/div>\n<div class=\"su-column su-column-size-1-3\"><div class=\"su-column-inner su-u-clearfix su-u-trim\">\n<div class=\"su-service\"><div class=\"su-service-title\" style=\"padding-left:46px;min-height:32px;line-height:32px\"><i class=\"sui sui-star\" style=\"font-size:32px;color:#333\"><\/i> Cont\u00e1ctenos<\/div><div class=\"su-service-content su-u-clearfix su-u-trim\" style=\"padding-left:46px\"><\/div><\/div>\n<a href=\"https:\/\/wa.me\/5491156031699?text=Estoy%20viendo%20la%20p&amp;aacute;gina%20de%20Lockers-metalicos%20.%20Necesito%20m&amp;aacute;s%20informaci&amp;oacute;n%20\u00bfPuede%20llamarme?\" target=\"_blank\" rel=\"noopener\"><img loading=\"lazy\" decoding=\"async\" class=\"aligncenter wp-image-79 size-medium\" src=\"https:\/\/www.lockersmetalicos.com.ar\/wp-content\/uploads\/llame-ahora-300x73.png\" alt=\"\" width=\"300\" height=\"73\" \/><\/a><\/p>\n<\/div><\/div>\n<\/div>\n","protected":false},"excerpt":{"rendered":"<p>Ofrecemos dos tipos de lockers met\u00e1licos: lockers de puertas cortas lockers de puertas largas 1 &#8211; El locker de puertas [&hellip;]<\/p>\n","protected":false},"author":1,"featured_media":0,"parent":0,"menu_order":0,"comment_status":"closed","ping_status":"closed","template":"","meta":{"site-sidebar-layout":"default","site-content-layout":"","ast-site-content-layout":"default","site-content-style":"default","site-sidebar-style":"default","ast-global-header-display":"","ast-banner-title-visibility":"","ast-main-header-display":"","ast-hfb-above-header-display":"","ast-hfb-below-header-display":"","ast-hfb-mobile-header-display":"","site-post-title":"","ast-breadcrumbs-content":"","ast-featured-img":"","footer-sml-layout":"","theme-transparent-header-meta":"default","adv-header-id-meta":"","stick-header-meta":"","header-above-stick-meta":"","header-main-stick-meta":"","header-below-stick-meta":"","astra-migrate-meta-layouts":"set","ast-page-background-enabled":"default","ast-page-background-meta":{"desktop":{"background-color":"var(--ast-global-color-5)","background-image":"","background-repeat":"repeat","background-position":"center center","background-size":"auto","background-attachment":"scroll","background-type":"","background-media":"","overlay-type":"","overlay-color":"","overlay-opacity":"","overlay-gradient":""},"tablet":{"background-color":"","background-image":"","background-repeat":"repeat","background-position":"center center","background-size":"auto","background-attachment":"scroll","background-type":"","background-media":"","overlay-type":"","overlay-color":"","overlay-opacity":"","overlay-gradient":""},"mobile":{"background-color":"","background-image":"","background-repeat":"repeat","background-position":"center center","background-size":"auto","background-attachment":"scroll","background-type":"","background-media":"","overlay-type":"","overlay-color":"","overlay-opacity":"","overlay-gradient":""}},"ast-content-background-meta":{"desktop":{"background-color":"var(--ast-global-color-4)","background-image":"","background-repeat":"repeat","background-position":"center center","background-size":"auto","background-attachment":"scroll","background-type":"","background-media":"","overlay-type":"","overlay-color":"","overlay-opacity":"","overlay-gradient":""},"tablet":{"background-color":"var(--ast-global-color-4)","background-image":"","background-repeat":"repeat","background-position":"center center","background-size":"auto","background-attachment":"scroll","background-type":"","background-media":"","overlay-type":"","overlay-color":"","overlay-opacity":"","overlay-gradient":""},"mobile":{"background-color":"var(--ast-global-color-4)","background-image":"","background-repeat":"repeat","background-position":"center center","background-size":"auto","background-attachment":"scroll","background-type":"","background-media":"","overlay-type":"","overlay-color":"","overlay-opacity":"","overlay-gradient":""}},"_joinchat":[],"footnotes":""},"class_list":["post-210","page","type-page","status-publish","hentry"],"_links":{"self":[{"href":"https:\/\/www.lockersmetalicos.com.ar\/index.php?rest_route=\/wp\/v2\/pages\/210","targetHints":{"allow":["GET"]}}],"collection":[{"href":"https:\/\/www.lockersmetalicos.com.ar\/index.php?rest_route=\/wp\/v2\/pages"}],"about":[{"href":"https:\/\/www.lockersmetalicos.com.ar\/index.php?rest_route=\/wp\/v2\/types\/page"}],"author":[{"embeddable":true,"href":"https:\/\/www.lockersmetalicos.com.ar\/index.php?rest_route=\/wp\/v2\/users\/1"}],"replies":[{"embeddable":true,"href":"https:\/\/www.lockersmetalicos.com.ar\/index.php?rest_route=%2Fwp%2Fv2%2Fcomments&post=210"}],"version-history":[{"count":12,"href":"https:\/\/www.lockersmetalicos.com.ar\/index.php?rest_route=\/wp\/v2\/pages\/210\/revisions"}],"predecessor-version":[{"id":226,"href":"https:\/\/www.lockersmetalicos.com.ar\/index.php?rest_route=\/wp\/v2\/pages\/210\/revisions\/226"}],"wp:attachment":[{"href":"https:\/\/www.lockersmetalicos.com.ar\/index.php?rest_route=%2Fwp%2Fv2%2Fmedia&parent=210"}],"curies":[{"name":"wp","href":"https:\/\/api.w.org\/{rel}","templated":true}]}}